{"id":1982,"date":"2021-08-09T11:30:32","date_gmt":"2021-08-09T11:30:32","guid":{"rendered":"https:\/\/sb.seasidemenu.com\/spa\/offer\/"},"modified":"2022-03-11T15:53:53","modified_gmt":"2022-03-11T15:53:53","slug":"offer","status":"publish","type":"page","link":"https:\/\/sb.seasidemenu.com\/es\/spa\/offer\/","title":{"rendered":"Offer"},"content":{"rendered":"\t\t<div data-elementor-type=\"wp-page\" data-elementor-id=\"1982\" class=\"elementor elementor-1982 elementor-1968\" data-elementor-post-type=\"page\">\n\t\t\t\t\t\t<section data-particle_enable=\"false\" data-particle-mobile-disabled=\"false\" class=\"elementor-section elementor-top-section elementor-element elementor-element-73d9a4b elementor-section-height-min-height elementor-section-boxed elementor-section-height-default elementor-section-items-middle\" data-id=\"73d9a4b\" data-element_type=\"section\" data-e-type=\"section\" data-settings=\"{&quot;jet_parallax_layout_list&quot;:[{&quot;jet_parallax_layout_image&quot;:{&quot;url&quot;:&quot;&quot;,&quot;id&quot;:&quot;&quot;,&quot;size&quot;:&quot;&quot;},&quot;_id&quot;:&quot;8cf8e6f&quot;,&quot;jet_parallax_layout_image_tablet&quot;:{&quot;url&quot;:&quot;&quot;,&quot;id&quot;:&quot;&quot;,&quot;size&quot;:&quot;&quot;},&quot;jet_parallax_layout_image_mobile&quot;:{&quot;url&quot;:&quot;&quot;,&quot;id&quot;:&quot;&quot;,&quot;size&quot;:&quot;&quot;},&quot;jet_parallax_layout_speed&quot;:{&quot;unit&quot;:&quot;%&quot;,&quot;size&quot;:50,&quot;sizes&quot;:[]},&quot;jet_parallax_layout_type&quot;:&quot;scroll&quot;,&quot;jet_parallax_layout_direction&quot;:&quot;1&quot;,&quot;jet_parallax_layout_fx_direction&quot;:null,&quot;jet_parallax_layout_z_index&quot;:&quot;&quot;,&quot;jet_parallax_layout_bg_x&quot;:50,&quot;jet_parallax_layout_bg_x_tablet&quot;:&quot;&quot;,&quot;jet_parallax_layout_bg_x_mobile&quot;:&quot;&quot;,&quot;jet_parallax_layout_bg_y&quot;:50,&quot;jet_parallax_layout_bg_y_tablet&quot;:&quot;&quot;,&quot;jet_parallax_layout_bg_y_mobile&quot;:&quot;&quot;,&quot;jet_parallax_layout_bg_size&quot;:&quot;auto&quot;,&quot;jet_parallax_layout_bg_size_tablet&quot;:&quot;&quot;,&quot;jet_parallax_layout_bg_size_mobile&quot;:&quot;&quot;,&quot;jet_parallax_layout_animation_prop&quot;:&quot;transform&quot;,&quot;jet_parallax_layout_on&quot;:[&quot;desktop&quot;,&quot;tablet&quot;]}],&quot;background_background&quot;:&quot;classic&quot;}\">\n\t\t\t\t\t\t<div class=\"elementor-container elementor-column-gap-default\">\n\t\t\t\t\t<div class=\"elementor-column elementor-col-100 elementor-top-column elementor-element elementor-element-13f00b6\" data-id=\"13f00b6\" data-element_type=\"column\" data-e-type=\"column\">\n\t\t\t<div class=\"elementor-widget-wrap elementor-element-populated\">\n\t\t\t\t\t\t<div class=\"elementor-element elementor-element-e562152 elementor-fixed elementor-widget elementor-widget-jet-hamburger-panel\" data-id=\"e562152\" data-element_type=\"widget\" data-e-type=\"widget\" data-settings=\"{&quot;_position&quot;:&quot;fixed&quot;}\" data-widget_type=\"jet-hamburger-panel.default\">\n\t\t\t\t<div class=\"elementor-widget-container\">\n\t\t\t\t\t\t\t<div id=\"jet-hamburger-panel-instance\" class=\"jet-hamburger-panel jet-hamburger-panel-left-position jet-hamburger-panel-slide-effect\" data-settings=\"{&quot;position&quot;:&quot;left&quot;,&quot;ajaxTemplate&quot;:false,&quot;ajaxTemplateCache&quot;:true,&quot;widget_id&quot;:&quot;e562152&quot;,&quot;signature&quot;:&quot;a52da8e28a406011ace57d54ecdc1fba&quot;}\">\n\t\t\t<div class=\"jet-hamburger-panel__toggle\" role=\"button\" tabindex=\"0\" aria-label=\"SPA MENU\"><div class=\"jet-hamburger-panel__toggle-icon\"><span class=\"jet-hamburger-panel__icon icon-normal jet-blocks-icon\"><i aria-hidden=\"true\" class=\"fas fa-bars\"><\/i><\/span><span class=\"jet-hamburger-panel__icon icon-active jet-blocks-icon\"><i aria-hidden=\"true\" class=\"fas fa-times\"><\/i><\/span><\/div><div class=\"jet-hamburger-panel__toggle-label\"><span>SPA MENU<\/span><\/div><\/div>\t\t\t<div class=\"jet-hamburger-panel__instance\">\n\t\t\t\t<div class=\"jet-hamburger-panel__cover\"><\/div>\n\t\t\t\t<div class=\"jet-hamburger-panel__inner\">\n\t\t\t\t\t<div class=\"jet-hamburger-panel__close-button jet-blocks-icon\"><i aria-hidden=\"true\" class=\"fas fa-times\"><\/i><\/div><div class=\"jet-hamburger-panel__content\" data-template-id=\"1243\">\t\t<div data-elementor-type=\"page\" data-elementor-id=\"1243\" class=\"elementor elementor-1243\" data-elementor-post-type=\"elementor_library\">\n\t\t\t\t\t\t<section data-particle_enable=\"false\" data-particle-mobile-disabled=\"false\" class=\"elementor-section elementor-top-section elementor-element elementor-element-e94b241 elementor-section-boxed elementor-section-height-default elementor-section-height-default\" data-id=\"e94b241\" data-element_type=\"section\" data-e-type=\"section\" data-settings=\"{&quot;jet_parallax_layout_list&quot;:[{&quot;jet_parallax_layout_image&quot;:{&quot;url&quot;:&quot;&quot;,&quot;id&quot;:&quot;&quot;,&quot;size&quot;:&quot;&quot;},&quot;_id&quot;:&quot;88f4653&quot;,&quot;jet_parallax_layout_image_tablet&quot;:{&quot;url&quot;:&quot;&quot;,&quot;id&quot;:&quot;&quot;,&quot;size&quot;:&quot;&quot;},&quot;jet_parallax_layout_image_mobile&quot;:{&quot;url&quot;:&quot;&quot;,&quot;id&quot;:&quot;&quot;,&quot;size&quot;:&quot;&quot;},&quot;jet_parallax_layout_speed&quot;:{&quot;unit&quot;:&quot;%&quot;,&quot;size&quot;:50,&quot;sizes&quot;:[]},&quot;jet_parallax_layout_type&quot;:&quot;scroll&quot;,&quot;jet_parallax_layout_direction&quot;:&quot;1&quot;,&quot;jet_parallax_layout_fx_direction&quot;:null,&quot;jet_parallax_layout_z_index&quot;:&quot;&quot;,&quot;jet_parallax_layout_bg_x&quot;:50,&quot;jet_parallax_layout_bg_x_tablet&quot;:&quot;&quot;,&quot;jet_parallax_layout_bg_x_mobile&quot;:&quot;&quot;,&quot;jet_parallax_layout_bg_y&quot;:50,&quot;jet_parallax_layout_bg_y_tablet&quot;:&quot;&quot;,&quot;jet_parallax_layout_bg_y_mobile&quot;:&quot;&quot;,&quot;jet_parallax_layout_bg_size&quot;:&quot;auto&quot;,&quot;jet_parallax_layout_bg_size_tablet&quot;:&quot;&quot;,&quot;jet_parallax_layout_bg_size_mobile&quot;:&quot;&quot;,&quot;jet_parallax_layout_animation_prop&quot;:&quot;transform&quot;,&quot;jet_parallax_layout_on&quot;:[&quot;desktop&quot;,&quot;tablet&quot;]}]}\">\n\t\t\t\t\t\t<div class=\"elementor-container elementor-column-gap-default\">\n\t\t\t\t\t<div class=\"elementor-column elementor-col-100 elementor-top-column elementor-element elementor-element-34fd5d8\" data-id=\"34fd5d8\" data-element_type=\"column\" data-e-type=\"column\">\n\t\t\t<div class=\"elementor-widget-wrap elementor-element-populated\">\n\t\t\t\t\t\t<div class=\"elementor-element elementor-element-9827007 elementor-widget elementor-widget-heading\" data-id=\"9827007\" data-element_type=\"widget\" data-e-type=\"widget\" data-widget_type=\"heading.default\">\n\t\t\t\t<div class=\"elementor-widget-container\">\n\t\t\t\t\t<h2 class=\"elementor-heading-title elementor-size-default\">Spa &amp;<br>\nWellness<br>\nMenu<\/h2>\t\t\t\t<\/div>\n\t\t\t\t<\/div>\n\t\t\t\t<div class=\"elementor-element elementor-element-313d989 elementor-nav-menu--dropdown-none elementor-widget__width-initial elementor-widget elementor-widget-nav-menu\" data-id=\"313d989\" data-element_type=\"widget\" data-e-type=\"widget\" data-settings=\"{&quot;layout&quot;:&quot;vertical&quot;,&quot;submenu_icon&quot;:{&quot;value&quot;:&quot;&lt;i class=\\&quot;fas fa-caret-down\\&quot; aria-hidden=\\&quot;true\\&quot;&gt;&lt;\\\/i&gt;&quot;,&quot;library&quot;:&quot;fa-solid&quot;}}\" data-widget_type=\"nav-menu.default\">\n\t\t\t\t<div class=\"elementor-widget-container\">\n\t\t\t\t\t\t\t\t<nav aria-label=\"Menu\" class=\"elementor-nav-menu--main elementor-nav-menu__container elementor-nav-menu--layout-vertical e--pointer-underline e--animation-fade\">\n\t\t\t\t<ul id=\"menu-1-313d989\" class=\"elementor-nav-menu sm-vertical\"><li class=\"menu-item menu-item-type-post_type menu-item-object-page menu-item-1384\"><a href=\"https:\/\/sb.seasidemenu.com\/es\/spa\/\" class=\"elementor-item\">Bienvenido\/a<\/a><\/li>\n<li class=\"menu-item menu-item-type-post_type menu-item-object-page menu-item-1996\"><a href=\"https:\/\/sb.seasidemenu.com\/es\/spa\/offer\/\" class=\"elementor-item\">Oferta<\/a><\/li>\n<li class=\"menu-item menu-item-type-post_type menu-item-object-page menu-item-1389\"><a href=\"https:\/\/sb.seasidemenu.com\/es\/spa\/combinaciones-wellness\/\" class=\"elementor-item\">Combinaciones Wellness<\/a><\/li>\n<li class=\"menu-item menu-item-type-post_type menu-item-object-page menu-item-1388\"><a href=\"https:\/\/sb.seasidemenu.com\/es\/spa\/coleccion-belleza\/\" class=\"elementor-item\">Colecci\u00f3n Belleza<\/a><\/li>\n<li class=\"menu-item menu-item-type-post_type menu-item-object-page menu-item-1387\"><a href=\"https:\/\/sb.seasidemenu.com\/es\/spa\/coleccion-corporal\/\" class=\"elementor-item\">Colecci\u00f3n corporal<\/a><\/li>\n<li class=\"menu-item menu-item-type-post_type menu-item-object-page menu-item-1386\"><a href=\"https:\/\/sb.seasidemenu.com\/es\/spa\/masajes\/\" class=\"elementor-item\">Masajes<\/a><\/li>\n<li class=\"menu-item menu-item-type-post_type menu-item-object-page menu-item-1385\"><a href=\"https:\/\/sb.seasidemenu.com\/es\/spa\/fisioterapia\/\" class=\"elementor-item\">Fisioterapia<\/a><\/li>\n<li class=\"menu-item wpml-ls-slot-31 wpml-ls-item wpml-ls-item-en wpml-ls-menu-item wpml-ls-first-item menu-item-type-wpml_ls_menu_item menu-item-object-wpml_ls_menu_item menu-item-wpml-ls-31-en\"><a href=\"https:\/\/sb.seasidemenu.com\/\" title=\"Cambiar a English\" aria-label=\"Cambiar a English\" class=\"elementor-item\"><img decoding=\"async\"\n            class=\"wpml-ls-flag\"\n            src=\"https:\/\/sb.seasidemenu.com\/wp-content\/plugins\/sitepress-multilingual-cms\/res\/flags\/en.png\"\n            alt=\"\"\n            loading=\"lazy\"\n            \n            \n    \/><span class=\"wpml-ls-native\" lang=\"en\">English<\/span><\/a><\/li>\n<li class=\"menu-item wpml-ls-slot-31 wpml-ls-item wpml-ls-item-de wpml-ls-menu-item menu-item-type-wpml_ls_menu_item menu-item-object-wpml_ls_menu_item menu-item-wpml-ls-31-de\"><a href=\"https:\/\/sb.seasidemenu.com\/de\/\" title=\"Cambiar a Deutsch\" aria-label=\"Cambiar a Deutsch\" class=\"elementor-item\"><img decoding=\"async\"\n            class=\"wpml-ls-flag\"\n            src=\"https:\/\/sb.seasidemenu.com\/wp-content\/plugins\/sitepress-multilingual-cms\/res\/flags\/de.png\"\n            alt=\"\"\n            loading=\"lazy\"\n            \n            \n    \/><span class=\"wpml-ls-native\" lang=\"de\">Deutsch<\/span><\/a><\/li>\n<li class=\"menu-item wpml-ls-slot-31 wpml-ls-item wpml-ls-item-fr wpml-ls-menu-item wpml-ls-last-item menu-item-type-wpml_ls_menu_item menu-item-object-wpml_ls_menu_item menu-item-wpml-ls-31-fr\"><a href=\"https:\/\/sb.seasidemenu.com\/fr\/\" title=\"Cambiar a Fran\u00e7ais\" aria-label=\"Cambiar a Fran\u00e7ais\" class=\"elementor-item\"><img decoding=\"async\"\n            class=\"wpml-ls-flag\"\n            src=\"https:\/\/sb.seasidemenu.com\/wp-content\/plugins\/sitepress-multilingual-cms\/res\/flags\/fr.png\"\n            alt=\"\"\n            loading=\"lazy\"\n            \n            \n    \/><span class=\"wpml-ls-native\" lang=\"fr\">Fran\u00e7ais<\/span><\/a><\/li>\n<\/ul>\t\t\t<\/nav>\n\t\t\t\t\t\t<nav class=\"elementor-nav-menu--dropdown elementor-nav-menu__container\" aria-hidden=\"true\">\n\t\t\t\t<ul id=\"menu-2-313d989\" class=\"elementor-nav-menu sm-vertical\"><li class=\"menu-item menu-item-type-post_type menu-item-object-page menu-item-1384\"><a href=\"https:\/\/sb.seasidemenu.com\/es\/spa\/\" class=\"elementor-item\" tabindex=\"-1\">Bienvenido\/a<\/a><\/li>\n<li class=\"menu-item menu-item-type-post_type menu-item-object-page menu-item-1996\"><a href=\"https:\/\/sb.seasidemenu.com\/es\/spa\/offer\/\" class=\"elementor-item\" tabindex=\"-1\">Oferta<\/a><\/li>\n<li class=\"menu-item menu-item-type-post_type menu-item-object-page menu-item-1389\"><a href=\"https:\/\/sb.seasidemenu.com\/es\/spa\/combinaciones-wellness\/\" class=\"elementor-item\" tabindex=\"-1\">Combinaciones Wellness<\/a><\/li>\n<li class=\"menu-item menu-item-type-post_type menu-item-object-page menu-item-1388\"><a href=\"https:\/\/sb.seasidemenu.com\/es\/spa\/coleccion-belleza\/\" class=\"elementor-item\" tabindex=\"-1\">Colecci\u00f3n Belleza<\/a><\/li>\n<li class=\"menu-item menu-item-type-post_type menu-item-object-page menu-item-1387\"><a href=\"https:\/\/sb.seasidemenu.com\/es\/spa\/coleccion-corporal\/\" class=\"elementor-item\" tabindex=\"-1\">Colecci\u00f3n corporal<\/a><\/li>\n<li class=\"menu-item menu-item-type-post_type menu-item-object-page menu-item-1386\"><a href=\"https:\/\/sb.seasidemenu.com\/es\/spa\/masajes\/\" class=\"elementor-item\" tabindex=\"-1\">Masajes<\/a><\/li>\n<li class=\"menu-item menu-item-type-post_type menu-item-object-page menu-item-1385\"><a href=\"https:\/\/sb.seasidemenu.com\/es\/spa\/fisioterapia\/\" class=\"elementor-item\" tabindex=\"-1\">Fisioterapia<\/a><\/li>\n<li class=\"menu-item wpml-ls-slot-31 wpml-ls-item wpml-ls-item-en wpml-ls-menu-item wpml-ls-first-item menu-item-type-wpml_ls_menu_item menu-item-object-wpml_ls_menu_item menu-item-wpml-ls-31-en\"><a href=\"https:\/\/sb.seasidemenu.com\/\" title=\"Cambiar a English\" aria-label=\"Cambiar a English\" class=\"elementor-item\" tabindex=\"-1\"><img decoding=\"async\"\n            class=\"wpml-ls-flag\"\n            src=\"https:\/\/sb.seasidemenu.com\/wp-content\/plugins\/sitepress-multilingual-cms\/res\/flags\/en.png\"\n            alt=\"\"\n            loading=\"lazy\"\n            \n            \n    \/><span class=\"wpml-ls-native\" lang=\"en\">English<\/span><\/a><\/li>\n<li class=\"menu-item wpml-ls-slot-31 wpml-ls-item wpml-ls-item-de wpml-ls-menu-item menu-item-type-wpml_ls_menu_item menu-item-object-wpml_ls_menu_item menu-item-wpml-ls-31-de\"><a href=\"https:\/\/sb.seasidemenu.com\/de\/\" title=\"Cambiar a Deutsch\" aria-label=\"Cambiar a Deutsch\" class=\"elementor-item\" tabindex=\"-1\"><img decoding=\"async\"\n            class=\"wpml-ls-flag\"\n            src=\"https:\/\/sb.seasidemenu.com\/wp-content\/plugins\/sitepress-multilingual-cms\/res\/flags\/de.png\"\n            alt=\"\"\n            loading=\"lazy\"\n            \n            \n    \/><span class=\"wpml-ls-native\" lang=\"de\">Deutsch<\/span><\/a><\/li>\n<li class=\"menu-item wpml-ls-slot-31 wpml-ls-item wpml-ls-item-fr wpml-ls-menu-item wpml-ls-last-item menu-item-type-wpml_ls_menu_item menu-item-object-wpml_ls_menu_item menu-item-wpml-ls-31-fr\"><a href=\"https:\/\/sb.seasidemenu.com\/fr\/\" title=\"Cambiar a Fran\u00e7ais\" aria-label=\"Cambiar a Fran\u00e7ais\" class=\"elementor-item\" tabindex=\"-1\"><img decoding=\"async\"\n            class=\"wpml-ls-flag\"\n            src=\"https:\/\/sb.seasidemenu.com\/wp-content\/plugins\/sitepress-multilingual-cms\/res\/flags\/fr.png\"\n            alt=\"\"\n            loading=\"lazy\"\n            \n            \n    \/><span class=\"wpml-ls-native\" lang=\"fr\">Fran\u00e7ais<\/span><\/a><\/li>\n<\/ul>\t\t\t<\/nav>\n\t\t\t\t\t\t<\/div>\n\t\t\t\t<\/div>\n\t\t\t\t\t<\/div>\n\t\t<\/div>\n\t\t\t\t\t<\/div>\n\t\t<\/section>\n\t\t\t\t<\/div>\n\t\t<\/div>\t\t\t\t<\/div>\n\t\t\t<\/div>\n\t\t<\/div>\n\t\t\t\t\t\t<\/div>\n\t\t\t\t<\/div>\n\t\t\t\t\t<\/div>\n\t\t<\/div>\n\t\t\t\t\t<\/div>\n\t\t<\/section>\n\t\t\t\t<section data-particle_enable=\"false\" data-particle-mobile-disabled=\"false\" class=\"elementor-section elementor-top-section elementor-element elementor-element-987c72e elementor-section-boxed elementor-section-height-default elementor-section-height-default\" data-id=\"987c72e\" data-element_type=\"section\" data-e-type=\"section\" data-settings=\"{&quot;jet_parallax_layout_list&quot;:[{&quot;jet_parallax_layout_image&quot;:{&quot;url&quot;:&quot;&quot;,&quot;id&quot;:&quot;&quot;,&quot;size&quot;:&quot;&quot;},&quot;_id&quot;:&quot;2f3c593&quot;,&quot;jet_parallax_layout_image_tablet&quot;:{&quot;url&quot;:&quot;&quot;,&quot;id&quot;:&quot;&quot;,&quot;size&quot;:&quot;&quot;},&quot;jet_parallax_layout_image_mobile&quot;:{&quot;url&quot;:&quot;&quot;,&quot;id&quot;:&quot;&quot;,&quot;size&quot;:&quot;&quot;},&quot;jet_parallax_layout_speed&quot;:{&quot;unit&quot;:&quot;%&quot;,&quot;size&quot;:50,&quot;sizes&quot;:[]},&quot;jet_parallax_layout_type&quot;:&quot;scroll&quot;,&quot;jet_parallax_layout_direction&quot;:&quot;1&quot;,&quot;jet_parallax_layout_fx_direction&quot;:null,&quot;jet_parallax_layout_z_index&quot;:&quot;&quot;,&quot;jet_parallax_layout_bg_x&quot;:50,&quot;jet_parallax_layout_bg_x_tablet&quot;:&quot;&quot;,&quot;jet_parallax_layout_bg_x_mobile&quot;:&quot;&quot;,&quot;jet_parallax_layout_bg_y&quot;:50,&quot;jet_parallax_layout_bg_y_tablet&quot;:&quot;&quot;,&quot;jet_parallax_layout_bg_y_mobile&quot;:&quot;&quot;,&quot;jet_parallax_layout_bg_size&quot;:&quot;auto&quot;,&quot;jet_parallax_layout_bg_size_tablet&quot;:&quot;&quot;,&quot;jet_parallax_layout_bg_size_mobile&quot;:&quot;&quot;,&quot;jet_parallax_layout_animation_prop&quot;:&quot;transform&quot;,&quot;jet_parallax_layout_on&quot;:[&quot;desktop&quot;,&quot;tablet&quot;]}]}\">\n\t\t\t\t\t\t<div class=\"elementor-container elementor-column-gap-default\">\n\t\t\t\t\t<div class=\"elementor-column elementor-col-100 elementor-top-column elementor-element elementor-element-735b792\" data-id=\"735b792\" data-element_type=\"column\" data-e-type=\"column\">\n\t\t\t<div class=\"elementor-widget-wrap elementor-element-populated\">\n\t\t\t\t\t\t<div class=\"elementor-element elementor-element-7cc3156 elementor-widget elementor-widget-image\" data-id=\"7cc3156\" data-element_type=\"widget\" data-e-type=\"widget\" data-widget_type=\"image.default\">\n\t\t\t\t<div class=\"elementor-widget-container\">\n\t\t\t\t\t\t\t\t\t\t\t\t\t\t\t<img fetchpriority=\"high\" decoding=\"async\" width=\"600\" height=\"600\" src=\"https:\/\/sb.seasidemenu.com\/wp-content\/uploads\/seaside_spa_woman.jpg\" class=\"attachment-full size-full wp-image-1976\" alt=\"\" srcset=\"https:\/\/sb.seasidemenu.com\/wp-content\/uploads\/seaside_spa_woman.jpg 600w, https:\/\/sb.seasidemenu.com\/wp-content\/uploads\/seaside_spa_woman-300x300.jpg 300w, https:\/\/sb.seasidemenu.com\/wp-content\/uploads\/seaside_spa_woman-150x150.jpg 150w, https:\/\/sb.seasidemenu.com\/wp-content\/uploads\/seaside_spa_woman-230x230.jpg 230w, https:\/\/sb.seasidemenu.com\/wp-content\/uploads\/seaside_spa_woman-400x400.jpg 400w\" sizes=\"(max-width: 600px) 100vw, 600px\" \/>\t\t\t\t\t\t\t\t\t\t\t\t\t\t\t<\/div>\n\t\t\t\t<\/div>\n\t\t\t\t\t<\/div>\n\t\t<\/div>\n\t\t\t\t\t<\/div>\n\t\t<\/section>\n\t\t\t\t<section data-particle_enable=\"false\" data-particle-mobile-disabled=\"false\" class=\"elementor-section elementor-top-section elementor-element elementor-element-331864d elementor-section-boxed elementor-section-height-default elementor-section-height-default\" data-id=\"331864d\" data-element_type=\"section\" data-e-type=\"section\" data-settings=\"{&quot;jet_parallax_layout_list&quot;:[{&quot;jet_parallax_layout_image&quot;:{&quot;url&quot;:&quot;&quot;,&quot;id&quot;:&quot;&quot;,&quot;size&quot;:&quot;&quot;},&quot;_id&quot;:&quot;82400b0&quot;,&quot;jet_parallax_layout_image_tablet&quot;:{&quot;url&quot;:&quot;&quot;,&quot;id&quot;:&quot;&quot;,&quot;size&quot;:&quot;&quot;},&quot;jet_parallax_layout_image_mobile&quot;:{&quot;url&quot;:&quot;&quot;,&quot;id&quot;:&quot;&quot;,&quot;size&quot;:&quot;&quot;},&quot;jet_parallax_layout_speed&quot;:{&quot;unit&quot;:&quot;%&quot;,&quot;size&quot;:50,&quot;sizes&quot;:[]},&quot;jet_parallax_layout_type&quot;:&quot;scroll&quot;,&quot;jet_parallax_layout_direction&quot;:&quot;1&quot;,&quot;jet_parallax_layout_fx_direction&quot;:null,&quot;jet_parallax_layout_z_index&quot;:&quot;&quot;,&quot;jet_parallax_layout_bg_x&quot;:50,&quot;jet_parallax_layout_bg_x_tablet&quot;:&quot;&quot;,&quot;jet_parallax_layout_bg_x_mobile&quot;:&quot;&quot;,&quot;jet_parallax_layout_bg_y&quot;:50,&quot;jet_parallax_layout_bg_y_tablet&quot;:&quot;&quot;,&quot;jet_parallax_layout_bg_y_mobile&quot;:&quot;&quot;,&quot;jet_parallax_layout_bg_size&quot;:&quot;auto&quot;,&quot;jet_parallax_layout_bg_size_tablet&quot;:&quot;&quot;,&quot;jet_parallax_layout_bg_size_mobile&quot;:&quot;&quot;,&quot;jet_parallax_layout_animation_prop&quot;:&quot;transform&quot;,&quot;jet_parallax_layout_on&quot;:[&quot;desktop&quot;,&quot;tablet&quot;]}],&quot;background_background&quot;:&quot;classic&quot;}\">\n\t\t\t\t\t\t<div class=\"elementor-container elementor-column-gap-default\">\n\t\t\t\t\t<div class=\"elementor-column elementor-col-100 elementor-top-column elementor-element elementor-element-904e12f\" data-id=\"904e12f\" data-element_type=\"column\" data-e-type=\"column\" data-settings=\"{&quot;background_background&quot;:&quot;classic&quot;}\">\n\t\t\t<div class=\"elementor-widget-wrap elementor-element-populated\">\n\t\t\t\t\t\t<div class=\"elementor-element elementor-element-cd4d292 elementor-widget elementor-widget-heading\" data-id=\"cd4d292\" data-element_type=\"widget\" data-e-type=\"widget\" data-widget_type=\"heading.default\">\n\t\t\t\t<div class=\"elementor-widget-container\">\n\t\t\t\t\t<h2 class=\"elementor-heading-title elementor-size-default\">Estimado Cliente<\/h2>\t\t\t\t<\/div>\n\t\t\t\t<\/div>\n\t\t\t\t<div class=\"elementor-element elementor-element-624edd5 elementor-widget elementor-widget-text-editor\" data-id=\"624edd5\" data-element_type=\"widget\" data-e-type=\"widget\" data-widget_type=\"text-editor.default\">\n\t\t\t\t<div class=\"elementor-widget-container\">\n\t\t\t\t\t\t\t\t\t<div><p>Quisi\u00e9ramos darle la bienvenida al Hotel Sandy Beach****.<\/p><p><span lang=\"EN-GB\">Para completar su descanso y bienestar nos gustar\u00eda invitarle al circuito Spa que est\u00e1 incluido en el precio de su habitaci\u00f3n.<\/span><\/p><\/div><div>\u00a0<\/div><div><div><b><span lang=\"ES\">Circuito \u201cPuesta en forma\u201c<\/span><\/b><strong>:<\/strong><\/div><p><u>\u00c1rea de descanso<\/u><\/p><p>Una zona de relax situada en el \u00e1rea de la sauna en las plantas 8, 9 y 10 con vistas al mar.<\/p><p><u>Saunas<\/u><\/p><p>Situadas ambas en la planta 10:<\/p><ul><li>Sauna finlandesa a 90\u00baC: ayuda a eliminar toxinas y a fortalecer las defensas naturales del cuerpo<\/li><li>Ba\u00f1o de vapor con esencias de menta y eucalipto<\/li><\/ul><p><u>Fitness-Center<\/u><\/p><p>Se encuentran situados en las plantas 3 y 9 y cuentan con:<\/p><ul><li>Maquinaria cardiovascular (cinta de caminar, step, bicicletas, etc.)<\/li><li>Aparatos de musculatura<\/li><li>Equipamiento para gimnasia y aer\u00f3bic<\/li><\/ul><p><strong>Puede hacer su entrenamiento individual a cualquier hora del d\u00eda en la zona del gimnasio.<\/strong><\/p><p><strong>\u00a1Nos alegramos de tenerle entre nosotros!<\/strong><\/p><\/div>\t\t\t\t\t\t\t\t<\/div>\n\t\t\t\t<\/div>\n\t\t\t\t<div class=\"elementor-element elementor-element-df6ba42 elementor-widget elementor-widget-heading\" data-id=\"df6ba42\" data-element_type=\"widget\" data-e-type=\"widget\" data-widget_type=\"heading.default\">\n\t\t\t\t<div class=\"elementor-widget-container\">\n\t\t\t\t\t<h2 class=\"elementor-heading-title elementor-size-default\">Su oferta personal de Wellness &amp; Spa<\/h2>\t\t\t\t<\/div>\n\t\t\t\t<\/div>\n\t\t\t\t<div class=\"elementor-element elementor-element-9a3c5c2 elementor-widget elementor-widget-eael-price-menu\" data-id=\"9a3c5c2\" data-element_type=\"widget\" data-e-type=\"widget\" data-widget_type=\"eael-price-menu.default\">\n\t\t\t\t<div class=\"elementor-widget-container\">\n\t\t\t\t\t        <div class=\"eael-restaurant-menu eael-restaurant-menu-style-2\">\n            <div class=\"eael-restaurant-menu-items\">\n                                                        <div class=\"eael-restaurant-menu-item-wrap\">\n                                                <div class=\"eael-restaurant-menu-item\">\n                            \n                            <div class=\"eael-restaurant-menu-content\">\n                                <div class=\"eael-restaurant-menu-header\">\n                                                                            <h4 class=\"eael-restaurant-menu-title\">\n                                                                                        <span class=\"eael-restaurant-menu-title-text\">\n                                                Zona cervical, hombros y espalda                                            <\/span>\n                                                                                    <\/h4>\n                                                                        \n                                                                        \n                                                                     <\/div>\n                                 \n                                 \n                                 <div class=\"eael-restaurant-menu-description\">Masaje terap\u00e9utico especial para aliviar el s\u00edndrome cervical \ny la tensi\u00f3n muscular en los hombros. \nCalentamiento de la musculatura con un rodillo caliente.<\/div>\n                                                                      <span class=\"eael-restaurant-menu-price\">\n                                                                                                                                   <span class=\"eael-restaurant-menu-price-discount\">\n                                                 50 min. | 72\u20ac (-10%)                                             <\/span>\n                                         \n                                                                              <\/span>\n                                                             <\/div>\n                        <\/div>\n                                            <\/div>\n                            <\/div>\n        <\/div>\n        \t\t\t\t<\/div>\n\t\t\t\t<\/div>\n\t\t\t\t\t<\/div>\n\t\t<\/div>\n\t\t\t\t\t<\/div>\n\t\t<\/section>\n\t\t\t\t<\/div>\n\t\t","protected":false},"excerpt":{"rendered":"<p>SPA MENU Edit Template Spa &#038; Wellness Menu Bienvenue Offre Combinaisons Wellness Collection Beaut\u00e9 Collection corporelle Massages Physioth\u00e9rapie Menu Bienvenue Offre Combinaisons Wellness Collection Beaut\u00e9 Collection corporelle Massages Physioth\u00e9rapie Estimado Cliente Quisi\u00e9ramos darle la bienvenida al Hotel Sandy Beach****. Para completar su descanso y bienestar nos gustar\u00eda invitarle al circuito Spa que est\u00e1 incluido en [&hellip;]<\/p>\n","protected":false},"author":1,"featured_media":0,"parent":1352,"menu_order":0,"comment_status":"closed","ping_status":"closed","template":"elementor_canvas","meta":{"footnotes":""},"class_list":["post-1982","page","type-page","status-publish","hentry"],"_links":{"self":[{"href":"https:\/\/sb.seasidemenu.com\/es\/wp-json\/wp\/v2\/pages\/1982","targetHints":{"allow":["GET"]}}],"collection":[{"href":"https:\/\/sb.seasidemenu.com\/es\/wp-json\/wp\/v2\/pages"}],"about":[{"href":"https:\/\/sb.seasidemenu.com\/es\/wp-json\/wp\/v2\/types\/page"}],"author":[{"embeddable":true,"href":"https:\/\/sb.seasidemenu.com\/es\/wp-json\/wp\/v2\/users\/1"}],"replies":[{"embeddable":true,"href":"https:\/\/sb.seasidemenu.com\/es\/wp-json\/wp\/v2\/comments?post=1982"}],"version-history":[{"count":0,"href":"https:\/\/sb.seasidemenu.com\/es\/wp-json\/wp\/v2\/pages\/1982\/revisions"}],"up":[{"embeddable":true,"href":"https:\/\/sb.seasidemenu.com\/es\/wp-json\/wp\/v2\/pages\/1352"}],"wp:attachment":[{"href":"https:\/\/sb.seasidemenu.com\/es\/wp-json\/wp\/v2\/media?parent=1982"}],"curies":[{"name":"wp","href":"https:\/\/api.w.org\/{rel}","templated":true}]}}